{"id":10560,"date":"2014-11-26T15:14:28","date_gmt":"2014-11-26T15:14:28","guid":{"rendered":"https:\/\/eng.psprovocative.com\/?page_id=10560"},"modified":"2022-05-31T14:45:01","modified_gmt":"2022-05-31T13:45:01","slug":"clients-and-references","status":"publish","type":"page","link":"https:\/\/psprovocative.com\/en\/clients-and-references\/","title":{"rendered":"Clients and references"},"content":{"rendered":"","protected":false},"excerpt":{"rendered":"","protected":false},"author":1,"featured_media":0,"parent":0,"menu_order":0,"comment_status":"open","ping_status":"open","template":"","meta":{"footnotes":""},"class_list":["post-10560","page","type-page","status-publish","hentry"],"yoast_head":"<!-- This site is optimized with the Yoast SEO plugin v26.8 - https:\/\/yoast.com\/product\/yoast-seo-wordpress\/ -->\n<title>Clients and references - PS:PRovocative PR Agency<\/title>\n<meta name=\"description\" content=\"HUNGARY, Budapest &gt;&gt; We are grateful for our clients for trusting us and enabling us to work on projects acknowledged by PR professionals throughout the country. Without them, we would not have been able to win over a dozen professional awards in the past 5 years.\" \/>\n<meta name=\"robots\" content=\"index, follow, max-snippet:-1, max-image-preview:large, max-video-preview:-1\" \/>\n<link rel=\"canonical\" href=\"https:\/\/psprovocative.com\/en\/clients-and-references\/\" \/>\n<meta property=\"og:locale\" content=\"en_US\" \/>\n<meta property=\"og:type\" content=\"article\" \/>\n<meta property=\"og:title\" content=\"Clients and references - PS:PRovocative PR Agency\" \/>\n<meta property=\"og:description\" content=\"HUNGARY, Budapest &gt;&gt; We are grateful for our clients for trusting us and enabling us to work on projects acknowledged by PR professionals throughout the country. Without them, we would not have been able to win over a dozen professional awards in the past 5 years.\" \/>\n<meta property=\"og:url\" content=\"https:\/\/psprovocative.com\/en\/clients-and-references\/\" \/>\n<meta property=\"og:site_name\" content=\"PR \u00dcgyn\u00f6ks\u00e9g? &gt;&gt; PS:PRovocative!\" \/>\n<meta property=\"article:publisher\" content=\"https:\/\/www.facebook.com\/psprovocative\" \/>\n<meta property=\"article:modified_time\" content=\"2022-05-31T13:45:01+00:00\" \/>\n<meta property=\"og:image\" content=\"https:\/\/psprovocative.com\/wp-content\/uploads\/2015\/05\/psprovocative-pr-ugynokseg-logo.gif\" \/>\n\t<meta property=\"og:image:width\" content=\"500\" \/>\n\t<meta property=\"og:image:height\" content=\"161\" \/>\n\t<meta property=\"og:image:type\" content=\"image\/gif\" \/>\n<meta name=\"twitter:card\" content=\"summary_large_image\" \/>\n<meta name=\"twitter:site\" content=\"@psprovocative\" \/>\n<script type=\"application\/ld+json\" class=\"yoast-schema-graph\">{\"@context\":\"https:\/\/schema.org\",\"@graph\":[{\"@type\":\"WebPage\",\"@id\":\"https:\/\/psprovocative.com\/en\/clients-and-references\/\",\"url\":\"https:\/\/psprovocative.com\/en\/clients-and-references\/\",\"name\":\"Clients and references - PS:PRovocative PR Agency\",\"isPartOf\":{\"@id\":\"https:\/\/psprovocative.com\/en\/#website\"},\"datePublished\":\"2014-11-26T15:14:28+00:00\",\"dateModified\":\"2022-05-31T13:45:01+00:00\",\"description\":\"HUNGARY, Budapest >> We are grateful for our clients for trusting us and enabling us to work on projects acknowledged by PR professionals throughout the country. Without them, we would not have been able to win over a dozen professional awards in the past 5 years.\",\"breadcrumb\":{\"@id\":\"https:\/\/psprovocative.com\/en\/clients-and-references\/#breadcrumb\"},\"inLanguage\":\"en-US\",\"potentialAction\":[{\"@type\":\"ReadAction\",\"target\":[\"https:\/\/psprovocative.com\/en\/clients-and-references\/\"]}]},{\"@type\":\"BreadcrumbList\",\"@id\":\"https:\/\/psprovocative.com\/en\/clients-and-references\/#breadcrumb\",\"itemListElement\":[{\"@type\":\"ListItem\",\"position\":1,\"name\":\"Kezd\u0151lap\",\"item\":\"https:\/\/psprovocative.com\/en\/home\/\"},{\"@type\":\"ListItem\",\"position\":2,\"name\":\"Clients and references\"}]},{\"@type\":\"WebSite\",\"@id\":\"https:\/\/psprovocative.com\/en\/#website\",\"url\":\"https:\/\/psprovocative.com\/en\/\",\"name\":\"PR \u00dcgyn\u00f6ks\u00e9g? &gt;&gt; PS:PRovocative!\",\"description\":\"\",\"publisher\":{\"@id\":\"https:\/\/psprovocative.com\/en\/#organization\"},\"potentialAction\":[{\"@type\":\"SearchAction\",\"target\":{\"@type\":\"EntryPoint\",\"urlTemplate\":\"https:\/\/psprovocative.com\/en\/?s={search_term_string}\"},\"query-input\":{\"@type\":\"PropertyValueSpecification\",\"valueRequired\":true,\"valueName\":\"search_term_string\"}}],\"inLanguage\":\"en-US\"},{\"@type\":\"Organization\",\"@id\":\"https:\/\/psprovocative.com\/en\/#organization\",\"name\":\"PS:PRovocative\",\"url\":\"https:\/\/psprovocative.com\/en\/\",\"logo\":{\"@type\":\"ImageObject\",\"inLanguage\":\"en-US\",\"@id\":\"https:\/\/psprovocative.com\/en\/#\/schema\/logo\/image\/\",\"url\":\"https:\/\/psprovocative.com\/wp-content\/uploads\/2015\/04\/psprovocative-pr-ugynokseg-logo1.png\",\"contentUrl\":\"https:\/\/psprovocative.com\/wp-content\/uploads\/2015\/04\/psprovocative-pr-ugynokseg-logo1.png\",\"width\":500,\"height\":155,\"caption\":\"PS:PRovocative\"},\"image\":{\"@id\":\"https:\/\/psprovocative.com\/en\/#\/schema\/logo\/image\/\"},\"sameAs\":[\"https:\/\/www.facebook.com\/psprovocative\",\"https:\/\/x.com\/psprovocative\",\"https:\/\/www.linkedin.com\/company\/psprovocative\/\",\"https:\/\/www.youtube.com\/user\/PSPRovocative\/\"]}]}<\/script>\n<!-- \/ Yoast SEO plugin. -->","yoast_head_json":{"title":"Clients and references - PS:PRovocative PR Agency","description":"HUNGARY, Budapest >> We are grateful for our clients for trusting us and enabling us to work on projects acknowledged by PR professionals throughout the country. Without them, we would not have been able to win over a dozen professional awards in the past 5 years.","robots":{"index":"index","follow":"follow","max-snippet":"max-snippet:-1","max-image-preview":"max-image-preview:large","max-video-preview":"max-video-preview:-1"},"canonical":"https:\/\/psprovocative.com\/en\/clients-and-references\/","og_locale":"en_US","og_type":"article","og_title":"Clients and references - PS:PRovocative PR Agency","og_description":"HUNGARY, Budapest >> We are grateful for our clients for trusting us and enabling us to work on projects acknowledged by PR professionals throughout the country. Without them, we would not have been able to win over a dozen professional awards in the past 5 years.","og_url":"https:\/\/psprovocative.com\/en\/clients-and-references\/","og_site_name":"PR \u00dcgyn\u00f6ks\u00e9g? &gt;&gt; PS:PRovocative!","article_publisher":"https:\/\/www.facebook.com\/psprovocative","article_modified_time":"2022-05-31T13:45:01+00:00","og_image":[{"width":500,"height":161,"url":"https:\/\/psprovocative.com\/wp-content\/uploads\/2015\/05\/psprovocative-pr-ugynokseg-logo.gif","type":"image\/gif"}],"twitter_card":"summary_large_image","twitter_site":"@psprovocative","schema":{"@context":"https:\/\/schema.org","@graph":[{"@type":"WebPage","@id":"https:\/\/psprovocative.com\/en\/clients-and-references\/","url":"https:\/\/psprovocative.com\/en\/clients-and-references\/","name":"Clients and references - PS:PRovocative PR Agency","isPartOf":{"@id":"https:\/\/psprovocative.com\/en\/#website"},"datePublished":"2014-11-26T15:14:28+00:00","dateModified":"2022-05-31T13:45:01+00:00","description":"HUNGARY, Budapest >> We are grateful for our clients for trusting us and enabling us to work on projects acknowledged by PR professionals throughout the country. Without them, we would not have been able to win over a dozen professional awards in the past 5 years.","breadcrumb":{"@id":"https:\/\/psprovocative.com\/en\/clients-and-references\/#breadcrumb"},"inLanguage":"en-US","potentialAction":[{"@type":"ReadAction","target":["https:\/\/psprovocative.com\/en\/clients-and-references\/"]}]},{"@type":"BreadcrumbList","@id":"https:\/\/psprovocative.com\/en\/clients-and-references\/#breadcrumb","itemListElement":[{"@type":"ListItem","position":1,"name":"Kezd\u0151lap","item":"https:\/\/psprovocative.com\/en\/home\/"},{"@type":"ListItem","position":2,"name":"Clients and references"}]},{"@type":"WebSite","@id":"https:\/\/psprovocative.com\/en\/#website","url":"https:\/\/psprovocative.com\/en\/","name":"PR \u00dcgyn\u00f6ks\u00e9g? &gt;&gt; PS:PRovocative!","description":"","publisher":{"@id":"https:\/\/psprovocative.com\/en\/#organization"},"potentialAction":[{"@type":"SearchAction","target":{"@type":"EntryPoint","urlTemplate":"https:\/\/psprovocative.com\/en\/?s={search_term_string}"},"query-input":{"@type":"PropertyValueSpecification","valueRequired":true,"valueName":"search_term_string"}}],"inLanguage":"en-US"},{"@type":"Organization","@id":"https:\/\/psprovocative.com\/en\/#organization","name":"PS:PRovocative","url":"https:\/\/psprovocative.com\/en\/","logo":{"@type":"ImageObject","inLanguage":"en-US","@id":"https:\/\/psprovocative.com\/en\/#\/schema\/logo\/image\/","url":"https:\/\/psprovocative.com\/wp-content\/uploads\/2015\/04\/psprovocative-pr-ugynokseg-logo1.png","contentUrl":"https:\/\/psprovocative.com\/wp-content\/uploads\/2015\/04\/psprovocative-pr-ugynokseg-logo1.png","width":500,"height":155,"caption":"PS:PRovocative"},"image":{"@id":"https:\/\/psprovocative.com\/en\/#\/schema\/logo\/image\/"},"sameAs":["https:\/\/www.facebook.com\/psprovocative","https:\/\/x.com\/psprovocative","https:\/\/www.linkedin.com\/company\/psprovocative\/","https:\/\/www.youtube.com\/user\/PSPRovocative\/"]}]}},"_links":{"self":[{"href":"https:\/\/psprovocative.com\/en\/wp-json\/wp\/v2\/pages\/10560","targetHints":{"allow":["GET"]}}],"collection":[{"href":"https:\/\/psprovocative.com\/en\/wp-json\/wp\/v2\/pages"}],"about":[{"href":"https:\/\/psprovocative.com\/en\/wp-json\/wp\/v2\/types\/page"}],"author":[{"embeddable":true,"href":"https:\/\/psprovocative.com\/en\/wp-json\/wp\/v2\/users\/1"}],"replies":[{"embeddable":true,"href":"https:\/\/psprovocative.com\/en\/wp-json\/wp\/v2\/comments?post=10560"}],"version-history":[{"count":0,"href":"https:\/\/psprovocative.com\/en\/wp-json\/wp\/v2\/pages\/10560\/revisions"}],"wp:attachment":[{"href":"https:\/\/psprovocative.com\/en\/wp-json\/wp\/v2\/media?parent=10560"}],"curies":[{"name":"wp","href":"https:\/\/api.w.org\/{rel}","templated":true}]}}