{"id":11361,"date":"2015-04-23T11:25:31","date_gmt":"2015-04-23T10:25:31","guid":{"rendered":"https:\/\/psprovocative.com\/services\/trainings\/ajanlatkeres-treningre\/"},"modified":"2017-02-27T18:02:37","modified_gmt":"2017-02-27T17:02:37","slug":"request-a-quote","status":"publish","type":"page","link":"https:\/\/psprovocative.com\/en\/services\/trainings\/request-a-quote\/","title":{"rendered":"Training quotation"},"content":{"rendered":"","protected":false},"excerpt":{"rendered":"","protected":false},"author":1,"featured_media":0,"parent":11346,"menu_order":0,"comment_status":"open","ping_status":"open","template":"","meta":{"footnotes":""},"class_list":["post-11361","page","type-page","status-publish","hentry"],"yoast_head":"<!-- This site is optimized with the Yoast SEO plugin v26.8 - https:\/\/yoast.com\/product\/yoast-seo-wordpress\/ -->\n<title>Training quotation - PS:PRovocative PR Agency<\/title>\n<meta name=\"description\" content=\"HUNGARY, Budapest &gt;&gt; Request a price offer for a training\" \/>\n<meta name=\"robots\" content=\"index, follow, max-snippet:-1, max-image-preview:large, max-video-preview:-1\" \/>\n<link rel=\"canonical\" href=\"https:\/\/psprovocative.com\/en\/services\/trainings\/request-a-quote\/\" \/>\n<meta property=\"og:locale\" content=\"en_US\" \/>\n<meta property=\"og:type\" content=\"article\" \/>\n<meta property=\"og:title\" content=\"Training quotation - PS:PRovocative PR Agency\" \/>\n<meta property=\"og:description\" content=\"HUNGARY, Budapest &gt;&gt; Request a price offer for a training\" \/>\n<meta property=\"og:url\" content=\"https:\/\/psprovocative.com\/en\/services\/trainings\/request-a-quote\/\" \/>\n<meta property=\"og:site_name\" content=\"PR \u00dcgyn\u00f6ks\u00e9g? &gt;&gt; PS:PRovocative!\" \/>\n<meta property=\"article:publisher\" content=\"https:\/\/www.facebook.com\/psprovocative\" \/>\n<meta property=\"article:modified_time\" content=\"2017-02-27T17:02:37+00:00\" \/>\n<meta property=\"og:image\" content=\"https:\/\/psprovocative.com\/wp-content\/uploads\/2015\/05\/psprovocative-pr-ugynokseg-logo.gif\" \/>\n\t<meta property=\"og:image:width\" content=\"500\" \/>\n\t<meta property=\"og:image:height\" content=\"161\" \/>\n\t<meta property=\"og:image:type\" content=\"image\/gif\" \/>\n<meta name=\"twitter:card\" content=\"summary_large_image\" \/>\n<meta name=\"twitter:site\" content=\"@psprovocative\" \/>\n<script type=\"application\/ld+json\" class=\"yoast-schema-graph\">{\"@context\":\"https:\/\/schema.org\",\"@graph\":[{\"@type\":\"WebPage\",\"@id\":\"https:\/\/psprovocative.com\/en\/services\/trainings\/request-a-quote\/\",\"url\":\"https:\/\/psprovocative.com\/en\/services\/trainings\/request-a-quote\/\",\"name\":\"Training quotation - PS:PRovocative PR Agency\",\"isPartOf\":{\"@id\":\"https:\/\/psprovocative.com\/en\/#website\"},\"datePublished\":\"2015-04-23T10:25:31+00:00\",\"dateModified\":\"2017-02-27T17:02:37+00:00\",\"description\":\"HUNGARY, Budapest >> Request a price offer for a training\",\"breadcrumb\":{\"@id\":\"https:\/\/psprovocative.com\/en\/services\/trainings\/request-a-quote\/#breadcrumb\"},\"inLanguage\":\"en-US\",\"potentialAction\":[{\"@type\":\"ReadAction\",\"target\":[\"https:\/\/psprovocative.com\/en\/services\/trainings\/request-a-quote\/\"]}]},{\"@type\":\"BreadcrumbList\",\"@id\":\"https:\/\/psprovocative.com\/en\/services\/trainings\/request-a-quote\/#breadcrumb\",\"itemListElement\":[{\"@type\":\"ListItem\",\"position\":1,\"name\":\"Kezd\u0151lap\",\"item\":\"https:\/\/psprovocative.com\/en\/home\/\"},{\"@type\":\"ListItem\",\"position\":2,\"name\":\"Services\",\"item\":\"https:\/\/psprovocative.com\/en\/services\/\"},{\"@type\":\"ListItem\",\"position\":3,\"name\":\"Trainings\",\"item\":\"https:\/\/psprovocative.com\/en\/services\/trainings\/\"},{\"@type\":\"ListItem\",\"position\":4,\"name\":\"Training quotation\"}]},{\"@type\":\"WebSite\",\"@id\":\"https:\/\/psprovocative.com\/en\/#website\",\"url\":\"https:\/\/psprovocative.com\/en\/\",\"name\":\"PR \u00dcgyn\u00f6ks\u00e9g? &gt;&gt; PS:PRovocative!\",\"description\":\"\",\"publisher\":{\"@id\":\"https:\/\/psprovocative.com\/en\/#organization\"},\"potentialAction\":[{\"@type\":\"SearchAction\",\"target\":{\"@type\":\"EntryPoint\",\"urlTemplate\":\"https:\/\/psprovocative.com\/en\/?s={search_term_string}\"},\"query-input\":{\"@type\":\"PropertyValueSpecification\",\"valueRequired\":true,\"valueName\":\"search_term_string\"}}],\"inLanguage\":\"en-US\"},{\"@type\":\"Organization\",\"@id\":\"https:\/\/psprovocative.com\/en\/#organization\",\"name\":\"PS:PRovocative\",\"url\":\"https:\/\/psprovocative.com\/en\/\",\"logo\":{\"@type\":\"ImageObject\",\"inLanguage\":\"en-US\",\"@id\":\"https:\/\/psprovocative.com\/en\/#\/schema\/logo\/image\/\",\"url\":\"https:\/\/psprovocative.com\/wp-content\/uploads\/2015\/04\/psprovocative-pr-ugynokseg-logo1.png\",\"contentUrl\":\"https:\/\/psprovocative.com\/wp-content\/uploads\/2015\/04\/psprovocative-pr-ugynokseg-logo1.png\",\"width\":500,\"height\":155,\"caption\":\"PS:PRovocative\"},\"image\":{\"@id\":\"https:\/\/psprovocative.com\/en\/#\/schema\/logo\/image\/\"},\"sameAs\":[\"https:\/\/www.facebook.com\/psprovocative\",\"https:\/\/x.com\/psprovocative\",\"https:\/\/www.linkedin.com\/company\/psprovocative\/\",\"https:\/\/www.youtube.com\/user\/PSPRovocative\/\"]}]}<\/script>\n<!-- \/ Yoast SEO plugin. -->","yoast_head_json":{"title":"Training quotation - PS:PRovocative PR Agency","description":"HUNGARY, Budapest >> Request a price offer for a training","robots":{"index":"index","follow":"follow","max-snippet":"max-snippet:-1","max-image-preview":"max-image-preview:large","max-video-preview":"max-video-preview:-1"},"canonical":"https:\/\/psprovocative.com\/en\/services\/trainings\/request-a-quote\/","og_locale":"en_US","og_type":"article","og_title":"Training quotation - PS:PRovocative PR Agency","og_description":"HUNGARY, Budapest >> Request a price offer for a training","og_url":"https:\/\/psprovocative.com\/en\/services\/trainings\/request-a-quote\/","og_site_name":"PR \u00dcgyn\u00f6ks\u00e9g? &gt;&gt; PS:PRovocative!","article_publisher":"https:\/\/www.facebook.com\/psprovocative","article_modified_time":"2017-02-27T17:02:37+00:00","og_image":[{"width":500,"height":161,"url":"https:\/\/psprovocative.com\/wp-content\/uploads\/2015\/05\/psprovocative-pr-ugynokseg-logo.gif","type":"image\/gif"}],"twitter_card":"summary_large_image","twitter_site":"@psprovocative","schema":{"@context":"https:\/\/schema.org","@graph":[{"@type":"WebPage","@id":"https:\/\/psprovocative.com\/en\/services\/trainings\/request-a-quote\/","url":"https:\/\/psprovocative.com\/en\/services\/trainings\/request-a-quote\/","name":"Training quotation - PS:PRovocative PR Agency","isPartOf":{"@id":"https:\/\/psprovocative.com\/en\/#website"},"datePublished":"2015-04-23T10:25:31+00:00","dateModified":"2017-02-27T17:02:37+00:00","description":"HUNGARY, Budapest >> Request a price offer for a training","breadcrumb":{"@id":"https:\/\/psprovocative.com\/en\/services\/trainings\/request-a-quote\/#breadcrumb"},"inLanguage":"en-US","potentialAction":[{"@type":"ReadAction","target":["https:\/\/psprovocative.com\/en\/services\/trainings\/request-a-quote\/"]}]},{"@type":"BreadcrumbList","@id":"https:\/\/psprovocative.com\/en\/services\/trainings\/request-a-quote\/#breadcrumb","itemListElement":[{"@type":"ListItem","position":1,"name":"Kezd\u0151lap","item":"https:\/\/psprovocative.com\/en\/home\/"},{"@type":"ListItem","position":2,"name":"Services","item":"https:\/\/psprovocative.com\/en\/services\/"},{"@type":"ListItem","position":3,"name":"Trainings","item":"https:\/\/psprovocative.com\/en\/services\/trainings\/"},{"@type":"ListItem","position":4,"name":"Training quotation"}]},{"@type":"WebSite","@id":"https:\/\/psprovocative.com\/en\/#website","url":"https:\/\/psprovocative.com\/en\/","name":"PR \u00dcgyn\u00f6ks\u00e9g? &gt;&gt; PS:PRovocative!","description":"","publisher":{"@id":"https:\/\/psprovocative.com\/en\/#organization"},"potentialAction":[{"@type":"SearchAction","target":{"@type":"EntryPoint","urlTemplate":"https:\/\/psprovocative.com\/en\/?s={search_term_string}"},"query-input":{"@type":"PropertyValueSpecification","valueRequired":true,"valueName":"search_term_string"}}],"inLanguage":"en-US"},{"@type":"Organization","@id":"https:\/\/psprovocative.com\/en\/#organization","name":"PS:PRovocative","url":"https:\/\/psprovocative.com\/en\/","logo":{"@type":"ImageObject","inLanguage":"en-US","@id":"https:\/\/psprovocative.com\/en\/#\/schema\/logo\/image\/","url":"https:\/\/psprovocative.com\/wp-content\/uploads\/2015\/04\/psprovocative-pr-ugynokseg-logo1.png","contentUrl":"https:\/\/psprovocative.com\/wp-content\/uploads\/2015\/04\/psprovocative-pr-ugynokseg-logo1.png","width":500,"height":155,"caption":"PS:PRovocative"},"image":{"@id":"https:\/\/psprovocative.com\/en\/#\/schema\/logo\/image\/"},"sameAs":["https:\/\/www.facebook.com\/psprovocative","https:\/\/x.com\/psprovocative","https:\/\/www.linkedin.com\/company\/psprovocative\/","https:\/\/www.youtube.com\/user\/PSPRovocative\/"]}]}},"_links":{"self":[{"href":"https:\/\/psprovocative.com\/en\/wp-json\/wp\/v2\/pages\/11361","targetHints":{"allow":["GET"]}}],"collection":[{"href":"https:\/\/psprovocative.com\/en\/wp-json\/wp\/v2\/pages"}],"about":[{"href":"https:\/\/psprovocative.com\/en\/wp-json\/wp\/v2\/types\/page"}],"author":[{"embeddable":true,"href":"https:\/\/psprovocative.com\/en\/wp-json\/wp\/v2\/users\/1"}],"replies":[{"embeddable":true,"href":"https:\/\/psprovocative.com\/en\/wp-json\/wp\/v2\/comments?post=11361"}],"version-history":[{"count":0,"href":"https:\/\/psprovocative.com\/en\/wp-json\/wp\/v2\/pages\/11361\/revisions"}],"up":[{"embeddable":true,"href":"https:\/\/psprovocative.com\/en\/wp-json\/wp\/v2\/pages\/11346"}],"wp:attachment":[{"href":"https:\/\/psprovocative.com\/en\/wp-json\/wp\/v2\/media?parent=11361"}],"curies":[{"name":"wp","href":"https:\/\/api.w.org\/{rel}","templated":true}]}}