{"id":170,"date":"2015-02-05T15:33:06","date_gmt":"2015-02-05T15:33:06","guid":{"rendered":"https:\/\/psprovocative.com\/munkaink-2\/"},"modified":"2015-05-08T11:50:13","modified_gmt":"2015-05-08T10:50:13","slug":"case-studies","status":"publish","type":"page","link":"https:\/\/psprovocative.com\/en\/case-studies\/","title":{"rendered":"Case studies"},"content":{"rendered":"<h1>Some of our projects and case studies:<\/h1>\n","protected":false},"excerpt":{"rendered":"<p>Some of our projects and case studies:<\/p>\n","protected":false},"author":1,"featured_media":0,"parent":0,"menu_order":0,"comment_status":"open","ping_status":"open","template":"template-portfolio.php","meta":{"footnotes":""},"class_list":["post-170","page","type-page","status-publish","hentry"],"yoast_head":"<!-- This site is optimized with the Yoast SEO plugin v26.8 - https:\/\/yoast.com\/product\/yoast-seo-wordpress\/ -->\n<title>Case studies - PS:PRovocative PR Agency<\/title>\n<meta name=\"description\" content=\"We are grateful for our clients for trusting us and enabling us to work on projects acknowledged by PR professionals throughout the country. Without them, we would not have been able to win over a dozen professional awards in the past 5 years.\" \/>\n<meta name=\"robots\" content=\"index, follow, max-snippet:-1, max-image-preview:large, max-video-preview:-1\" \/>\n<link rel=\"canonical\" href=\"https:\/\/psprovocative.com\/en\/case-studies\/\" \/>\n<meta property=\"og:locale\" content=\"en_US\" \/>\n<meta property=\"og:type\" content=\"article\" \/>\n<meta property=\"og:title\" content=\"Case studies - PS:PRovocative PR Agency\" \/>\n<meta property=\"og:description\" content=\"We are grateful for our clients for trusting us and enabling us to work on projects acknowledged by PR professionals throughout the country. Without them, we would not have been able to win over a dozen professional awards in the past 5 years.\" \/>\n<meta property=\"og:url\" content=\"https:\/\/psprovocative.com\/en\/case-studies\/\" \/>\n<meta property=\"og:site_name\" content=\"PR \u00dcgyn\u00f6ks\u00e9g? &gt;&gt; PS:PRovocative!\" \/>\n<meta property=\"article:publisher\" content=\"https:\/\/www.facebook.com\/psprovocative\" \/>\n<meta property=\"article:modified_time\" content=\"2015-05-08T10:50:13+00:00\" \/>\n<meta property=\"og:image\" content=\"https:\/\/psprovocative.com\/wp-content\/uploads\/2015\/05\/psprovocative-pr-ugynokseg-logo.gif\" \/>\n\t<meta property=\"og:image:width\" content=\"500\" \/>\n\t<meta property=\"og:image:height\" content=\"161\" \/>\n\t<meta property=\"og:image:type\" content=\"image\/gif\" \/>\n<meta name=\"twitter:card\" content=\"summary_large_image\" \/>\n<meta name=\"twitter:site\" content=\"@psprovocative\" \/>\n<script type=\"application\/ld+json\" class=\"yoast-schema-graph\">{\"@context\":\"https:\/\/schema.org\",\"@graph\":[{\"@type\":\"WebPage\",\"@id\":\"https:\/\/psprovocative.com\/en\/case-studies\/\",\"url\":\"https:\/\/psprovocative.com\/en\/case-studies\/\",\"name\":\"Case studies - PS:PRovocative PR Agency\",\"isPartOf\":{\"@id\":\"https:\/\/psprovocative.com\/en\/#website\"},\"datePublished\":\"2015-02-05T15:33:06+00:00\",\"dateModified\":\"2015-05-08T10:50:13+00:00\",\"description\":\"We are grateful for our clients for trusting us and enabling us to work on projects acknowledged by PR professionals throughout the country. Without them, we would not have been able to win over a dozen professional awards in the past 5 years.\",\"breadcrumb\":{\"@id\":\"https:\/\/psprovocative.com\/en\/case-studies\/#breadcrumb\"},\"inLanguage\":\"en-US\",\"potentialAction\":[{\"@type\":\"ReadAction\",\"target\":[\"https:\/\/psprovocative.com\/en\/case-studies\/\"]}]},{\"@type\":\"BreadcrumbList\",\"@id\":\"https:\/\/psprovocative.com\/en\/case-studies\/#breadcrumb\",\"itemListElement\":[{\"@type\":\"ListItem\",\"position\":1,\"name\":\"Kezd\u0151lap\",\"item\":\"https:\/\/psprovocative.com\/en\/home\/\"},{\"@type\":\"ListItem\",\"position\":2,\"name\":\"Case studies\"}]},{\"@type\":\"WebSite\",\"@id\":\"https:\/\/psprovocative.com\/en\/#website\",\"url\":\"https:\/\/psprovocative.com\/en\/\",\"name\":\"PR \u00dcgyn\u00f6ks\u00e9g? &gt;&gt; PS:PRovocative!\",\"description\":\"\",\"publisher\":{\"@id\":\"https:\/\/psprovocative.com\/en\/#organization\"},\"potentialAction\":[{\"@type\":\"SearchAction\",\"target\":{\"@type\":\"EntryPoint\",\"urlTemplate\":\"https:\/\/psprovocative.com\/en\/?s={search_term_string}\"},\"query-input\":{\"@type\":\"PropertyValueSpecification\",\"valueRequired\":true,\"valueName\":\"search_term_string\"}}],\"inLanguage\":\"en-US\"},{\"@type\":\"Organization\",\"@id\":\"https:\/\/psprovocative.com\/en\/#organization\",\"name\":\"PS:PRovocative\",\"url\":\"https:\/\/psprovocative.com\/en\/\",\"logo\":{\"@type\":\"ImageObject\",\"inLanguage\":\"en-US\",\"@id\":\"https:\/\/psprovocative.com\/en\/#\/schema\/logo\/image\/\",\"url\":\"https:\/\/psprovocative.com\/wp-content\/uploads\/2015\/04\/psprovocative-pr-ugynokseg-logo1.png\",\"contentUrl\":\"https:\/\/psprovocative.com\/wp-content\/uploads\/2015\/04\/psprovocative-pr-ugynokseg-logo1.png\",\"width\":500,\"height\":155,\"caption\":\"PS:PRovocative\"},\"image\":{\"@id\":\"https:\/\/psprovocative.com\/en\/#\/schema\/logo\/image\/\"},\"sameAs\":[\"https:\/\/www.facebook.com\/psprovocative\",\"https:\/\/x.com\/psprovocative\",\"https:\/\/www.linkedin.com\/company\/psprovocative\/\",\"https:\/\/www.youtube.com\/user\/PSPRovocative\/\"]}]}<\/script>\n<!-- \/ Yoast SEO plugin. -->","yoast_head_json":{"title":"Case studies - PS:PRovocative PR Agency","description":"We are grateful for our clients for trusting us and enabling us to work on projects acknowledged by PR professionals throughout the country. Without them, we would not have been able to win over a dozen professional awards in the past 5 years.","robots":{"index":"index","follow":"follow","max-snippet":"max-snippet:-1","max-image-preview":"max-image-preview:large","max-video-preview":"max-video-preview:-1"},"canonical":"https:\/\/psprovocative.com\/en\/case-studies\/","og_locale":"en_US","og_type":"article","og_title":"Case studies - PS:PRovocative PR Agency","og_description":"We are grateful for our clients for trusting us and enabling us to work on projects acknowledged by PR professionals throughout the country. Without them, we would not have been able to win over a dozen professional awards in the past 5 years.","og_url":"https:\/\/psprovocative.com\/en\/case-studies\/","og_site_name":"PR \u00dcgyn\u00f6ks\u00e9g? &gt;&gt; PS:PRovocative!","article_publisher":"https:\/\/www.facebook.com\/psprovocative","article_modified_time":"2015-05-08T10:50:13+00:00","og_image":[{"width":500,"height":161,"url":"https:\/\/psprovocative.com\/wp-content\/uploads\/2015\/05\/psprovocative-pr-ugynokseg-logo.gif","type":"image\/gif"}],"twitter_card":"summary_large_image","twitter_site":"@psprovocative","schema":{"@context":"https:\/\/schema.org","@graph":[{"@type":"WebPage","@id":"https:\/\/psprovocative.com\/en\/case-studies\/","url":"https:\/\/psprovocative.com\/en\/case-studies\/","name":"Case studies - PS:PRovocative PR Agency","isPartOf":{"@id":"https:\/\/psprovocative.com\/en\/#website"},"datePublished":"2015-02-05T15:33:06+00:00","dateModified":"2015-05-08T10:50:13+00:00","description":"We are grateful for our clients for trusting us and enabling us to work on projects acknowledged by PR professionals throughout the country. Without them, we would not have been able to win over a dozen professional awards in the past 5 years.","breadcrumb":{"@id":"https:\/\/psprovocative.com\/en\/case-studies\/#breadcrumb"},"inLanguage":"en-US","potentialAction":[{"@type":"ReadAction","target":["https:\/\/psprovocative.com\/en\/case-studies\/"]}]},{"@type":"BreadcrumbList","@id":"https:\/\/psprovocative.com\/en\/case-studies\/#breadcrumb","itemListElement":[{"@type":"ListItem","position":1,"name":"Kezd\u0151lap","item":"https:\/\/psprovocative.com\/en\/home\/"},{"@type":"ListItem","position":2,"name":"Case studies"}]},{"@type":"WebSite","@id":"https:\/\/psprovocative.com\/en\/#website","url":"https:\/\/psprovocative.com\/en\/","name":"PR \u00dcgyn\u00f6ks\u00e9g? &gt;&gt; PS:PRovocative!","description":"","publisher":{"@id":"https:\/\/psprovocative.com\/en\/#organization"},"potentialAction":[{"@type":"SearchAction","target":{"@type":"EntryPoint","urlTemplate":"https:\/\/psprovocative.com\/en\/?s={search_term_string}"},"query-input":{"@type":"PropertyValueSpecification","valueRequired":true,"valueName":"search_term_string"}}],"inLanguage":"en-US"},{"@type":"Organization","@id":"https:\/\/psprovocative.com\/en\/#organization","name":"PS:PRovocative","url":"https:\/\/psprovocative.com\/en\/","logo":{"@type":"ImageObject","inLanguage":"en-US","@id":"https:\/\/psprovocative.com\/en\/#\/schema\/logo\/image\/","url":"https:\/\/psprovocative.com\/wp-content\/uploads\/2015\/04\/psprovocative-pr-ugynokseg-logo1.png","contentUrl":"https:\/\/psprovocative.com\/wp-content\/uploads\/2015\/04\/psprovocative-pr-ugynokseg-logo1.png","width":500,"height":155,"caption":"PS:PRovocative"},"image":{"@id":"https:\/\/psprovocative.com\/en\/#\/schema\/logo\/image\/"},"sameAs":["https:\/\/www.facebook.com\/psprovocative","https:\/\/x.com\/psprovocative","https:\/\/www.linkedin.com\/company\/psprovocative\/","https:\/\/www.youtube.com\/user\/PSPRovocative\/"]}]}},"_links":{"self":[{"href":"https:\/\/psprovocative.com\/en\/wp-json\/wp\/v2\/pages\/170","targetHints":{"allow":["GET"]}}],"collection":[{"href":"https:\/\/psprovocative.com\/en\/wp-json\/wp\/v2\/pages"}],"about":[{"href":"https:\/\/psprovocative.com\/en\/wp-json\/wp\/v2\/types\/page"}],"author":[{"embeddable":true,"href":"https:\/\/psprovocative.com\/en\/wp-json\/wp\/v2\/users\/1"}],"replies":[{"embeddable":true,"href":"https:\/\/psprovocative.com\/en\/wp-json\/wp\/v2\/comments?post=170"}],"version-history":[{"count":0,"href":"https:\/\/psprovocative.com\/en\/wp-json\/wp\/v2\/pages\/170\/revisions"}],"wp:attachment":[{"href":"https:\/\/psprovocative.com\/en\/wp-json\/wp\/v2\/media?parent=170"}],"curies":[{"name":"wp","href":"https:\/\/api.w.org\/{rel}","templated":true}]}}